{"id":30,"date":"2025-06-24T22:12:32","date_gmt":"2025-06-24T20:12:32","guid":{"rendered":"https:\/\/k-timeage.beebox.de\/stickerei\/?page_id=30"},"modified":"2026-03-08T11:09:54","modified_gmt":"2026-03-08T10:09:54","slug":"impressum","status":"publish","type":"page","link":"https:\/\/k-timeage.beebox.de\/stickerei\/impressum\/","title":{"rendered":"Impressum"},"content":{"rendered":"\n<div class=\"et_pb_section_0 et_pb_section et_pb_fullwidth_section et_section_regular et_block_section\"><section class=\"et_pb_fullwidth_header_0 et_pb_fullwidth_header et_pb_bg_layout_dark et_pb_text_align_center et_pb_module et_flex_module\"><div class=\"et_pb_fullwidth_header_container center\"><div class=\"header-content-container center\"><div class=\"header-content et_flex_module\"><h1 class=\"et_pb_module_header\">Impressum & Nutzungs\u00adbedingungen<\/h1><div class=\"et_pb_header_button_wrapper\"><\/div><\/div><\/div><\/div><div class=\"et_pb_fullwidth_header_overlay\"><\/div><div class=\"et_pb_fullwidth_header_scroll\"><\/div><\/section><\/div><div class=\"et_pb_section_1 et_pb_section et_section_regular et_block_section\"><div class=\"et_pb_row_0 et_pb_row et_pb_row_4col et_pb_gutters2 et_block_row et_block_row_4col\"><div class=\"et_pb_column_0 et_pb_column et_pb_column_1_4 et_block_column et_pb_css_mix_blend_mode_passthrough\"><div class=\"et_pb_text_0 et_pb_text et_pb_bg_layout_light et_pb_module et_block_module\"><div class=\"et_pb_text_inner\"><p><strong>270 Grad \u2013 Stickerei mit Druck<\/strong><br \/>Inhaber: Claus-Volker Selck e.K.<br \/>Kieler Stra\u00dfe 54<br \/>24768 Rendsburg<\/p>\n<\/div><\/div><\/div><div class=\"et_pb_column_1 et_pb_column et_pb_column_1_4 et_block_column et_pb_css_mix_blend_mode_passthrough\"><div class=\"et_pb_text_1 et_pb_text et_pb_bg_layout_light et_pb_module et_block_module\"><div class=\"et_pb_text_inner\"><p><strong>Telefon:<\/strong> <span style=\" white-space: nowrap;\">+49 (0)4331 438 20 66<\/span><br \/>\n<strong>Mobil\/WhatsApp:<\/strong> <span style=\"white-space: nowrap;\">+49 (0)151 15 77 66 16<\/span><br \/>\n<strong>Fax:<\/strong> <span style=\"white-space: nowrap;\">+49 (0)4331 148 09 89<\/span><\/p>\n<p><strong>Internet:<\/strong> <a href=\"http:\/\/www.timeage.de\">www.timeage.de<\/a><br \/>\n<strong>E-mail:<\/strong> <a href=\"mailto:info@timeage.de\">info@timeage.de<\/a><\/p>\n<\/div><\/div><\/div><div class=\"et_pb_column_2 et_pb_column et_pb_column_1_4 et_block_column et_pb_css_mix_blend_mode_passthrough\"><div class=\"et_pb_text_2 et_pb_text et_pb_bg_layout_light et_pb_module et_block_module\"><div class=\"et_pb_text_inner\"><p><strong>Umsatzsteuer-ID:<\/strong> <span style=\"white-space: nowrap;\">DE 290 830 843<\/span><br \/>Finanzamt Rendsburg<\/p>\n<p><strong>\u00d6ffnungszeiten:<\/strong><br \/>Mo \u2013 Do: 08:00 \u2013 17:00 Uhr<br \/>Fr \u2013 So: Nur telefonisch \/ WhatsApp<\/p>\n<\/div><\/div><\/div><div class=\"et_pb_column_3 et_pb_column et_pb_column_1_4 et-last-child et_block_column et_pb_css_mix_blend_mode_passthrough\"><div class=\"et_pb_text_3 et_pb_text et_pb_bg_layout_light et_pb_module et_block_module\"><div class=\"et_pb_text_inner\"><p><strong>Inhaltlich verantwortlich:<\/strong><br \/>Claus-Volker Selck<\/p>\n<p><strong>Webwork &amp; Design:<\/strong><br \/><a href=\"https:\/\/www.beebox.de\" target=\"_blank\" rel=\"noopener\">beebox Werbeagentur<\/a><br \/>Agentur f\u00fcr Werbung und strategische Kommunkation<\/p>\n<\/div><\/div><\/div><\/div><\/div><div class=\"et_pb_section_2 et_pb_section et_section_regular et_block_section\" id=\"sektion-nutzungsbedingungen\"><div class=\"et_pb_row_1 et_pb_row et_block_row\"><div class=\"et_pb_column_4 et_pb_column et_pb_column_4_4 et-last-child et_block_column et_pb_css_mix_blend_mode_passthrough\"><div class=\"et_pb_text_4 et_pb_text et_pb_bg_layout_light et_pb_module et_block_module\"><div class=\"et_pb_text_inner\"><h2>Nutzungs\u00adbedingungen, Haftungs\u00adausschluss<\/h2>\n<p>Alle Webseiten der Firma \"270 Grad - Stickerei mit Druck\", Inh. Claus-Volker Selck e.K., Kieler Str. 54, 24768 Rendsburg, Deutschland, wurden unter Ber\u00fccksichtigung des deutschen Rechts verfasst. Mit der Nutzung unseres Internetangebots erkl\u00e4ren Sie sich mit unseren Nutzungsbedingungen einverstanden.<\/p>\n<\/div><\/div><div class=\"et_pb_text_5 et_pb_text et_pb_bg_layout_light et_pb_module et_block_module\"><div class=\"et_pb_text_inner\"><p><strong>Haftung f\u00fcr Inhalte<\/strong><br \/>Als Diensteanbieter sind wir gem\u00e4\u00df \u00a7 7 Abs.1 TMG f\u00fcr eigene Inhalte auf diesen Seiten nach den allgemeinen Gesetzen verantwortlich. Nach \u00a7\u00a7 8 bis 10 TMG sind wir als Diensteanbieter jedoch nicht verpflichtet, \u00fcbermittelte oder gespeicherte fremde Informationen zu \u00fcberwachen oder nach Umst\u00e4nden zu forschen, die auf eine rechtswidrige T\u00e4tigkeit hinweisen.<\/p>\n<p>Verpflichtungen zur Entfernung oder Sperrung der Nutzung von Informationen nach den allgemeinen Gesetzen bleiben hiervon unber\u00fchrt. Eine diesbez\u00fcgliche Haftung ist jedoch erst ab dem Zeitpunkt der Kenntnis einer konkreten Rechtsverletzung m\u00f6glich. Bei Bekanntwerden von entsprechenden Rechtsverletzungen werden wir diese Inhalte umgehend entfernen.<\/p>\n<\/div><\/div><div class=\"et_pb_text_6 et_pb_text et_pb_bg_layout_light et_pb_module et_block_module\"><div class=\"et_pb_text_inner\"><p><strong>Haftung f\u00fcr Links<\/strong><br \/>Unser Angebot enth\u00e4lt Links zu externen Websites Dritter, auf deren Inhalte wir keinen Einfluss haben. Deshalb k\u00f6nnen wir f\u00fcr diese fremden Inhalte auch keine Gew\u00e4hr \u00fcbernehmen. F\u00fcr die Inhalte der verlinkten Seiten ist stets der jeweilige Anbieter oder Betreiber der Seiten verantwortlich. Die verlinkten Seiten wurden zum Zeitpunkt der Verlinkung auf m\u00f6gliche Rechtsverst\u00f6\u00dfe \u00fcberpr\u00fcft. Rechtswidrige Inhalte waren zum Zeitpunkt der Verlinkung nicht erkennbar.<\/p>\n<p>Eine permanente inhaltliche Kontrolle der verlinkten Seiten ist jedoch ohne konkrete Anhaltspunkte einer Rechtsverletzung nicht zumutbar. Bei Bekanntwerden von Rechtsverletzungen werden wir derartige Links umgehend entfernen.<\/p>\n<\/div><\/div><div class=\"et_pb_text_7 et_pb_text et_pb_bg_layout_light et_pb_module et_block_module\"><div class=\"et_pb_text_inner\"><p><strong>Urheberrecht \/ Copyright<\/strong><br \/>Die durch die Seitenbetreiber erstellten Inhalte und Werke auf diesen Seiten unterliegen dem deutschen Urheberrecht. Die Vervielf\u00e4ltigung, Bearbeitung, Verbreitung und jede Art der Verwertung au\u00dferhalb der Grenzen des Urheberrechtes bed\u00fcrfen der schriftlichen Zustimmung des jeweiligen Autors bzw. Erstellers. Downloads und Kopien dieser Seite sind nur f\u00fcr den privaten, nicht kommerziellen Gebrauch gestattet.<\/p>\n<p>Soweit die Inhalte auf dieser Seite nicht vom Betreiber erstellt wurden, werden die Urheberrechte Dritter beachtet. Insbesondere werden Inhalte Dritter als solche gekennzeichnet bzw. tabellarisch unter folgendem Seitenlink als <a href=\"https:\/\/k-timeage.beebox.de\/stickerei\/quellennachweis\/\"><strong>Quellennachweis<\/strong><\/a> gelistet.<\/p>\n<p>Sollten Sie trotzdem auf eine Urheberrechtsverletzung aufmerksam werden, bitten wir um einen entsprechenden Hinweis. Bei Bekanntwerden von Rechtsverletzungen werden wir derartige Inhalte umgehend entfernen.<\/p>\n<\/div><\/div><div class=\"et_pb_text_8 et_pb_text et_pb_bg_layout_light et_pb_module et_block_module\"><div class=\"et_pb_text_inner\"><p><strong>Datenschutz<\/strong><br \/>\nDen Schutz und die Intimit\u00e4t Ihrer pers\u00f6nlichen Daten nehmen wir sehr ernst. Daher werden Daten ausschlie\u00dflich zur Bearbeitung der von Ihnen gestellten Anfragen gespeichert und im Rahmen gesetzlicher Verpflichtungen aufbewahrt und gesichert. Sofern keine rechtlichen Vorgaben bestehen oder dies nicht zur Weiterverarbeitung Ihrer Anfrage notwendig ist, werden Ihre Daten Dritten selbstverst\u00e4ndlich nicht zur Verf\u00fcgung gestellt. Die Nutzung unserer Webseiten ist in der Regel ohne Angabe personenbezogener Daten m\u00f6glich. Mit der Nutzung der Website erkl\u00e4ren Sie sich mit den Bedingungen unserer Richtlinien zum Schutz pers\u00f6nlicher Daten einverstanden. Unter folgendem Seitenlink finden Sie eine detaillierte Ausf\u00fchrung zu den <a href=\"https:\/\/k-timeage.beebox.de\/stickerei\/datenschutz\/\"><strong>Richtlinien zum Schutz Ihrer Daten.<\/strong><\/a><\/p>\n<\/div><\/div><\/div><\/div><\/div>\n","protected":false},"excerpt":{"rendered":"","protected":false},"author":2,"featured_media":0,"parent":0,"menu_order":6,"comment_status":"closed","ping_status":"closed","template":"","meta":{"_seopress_robots_primary_cat":"","_seopress_titles_title":"","_seopress_titles_desc":"","_seopress_robots_index":"","footnotes":""},"class_list":["post-30","page","type-page","status-publish","hentry"],"_links":{"self":[{"href":"https:\/\/k-timeage.beebox.de\/stickerei\/wp-json\/wp\/v2\/pages\/30","targetHints":{"allow":["GET"]}}],"collection":[{"href":"https:\/\/k-timeage.beebox.de\/stickerei\/wp-json\/wp\/v2\/pages"}],"about":[{"href":"https:\/\/k-timeage.beebox.de\/stickerei\/wp-json\/wp\/v2\/types\/page"}],"author":[{"embeddable":true,"href":"https:\/\/k-timeage.beebox.de\/stickerei\/wp-json\/wp\/v2\/users\/2"}],"replies":[{"embeddable":true,"href":"https:\/\/k-timeage.beebox.de\/stickerei\/wp-json\/wp\/v2\/comments?post=30"}],"version-history":[{"count":48,"href":"https:\/\/k-timeage.beebox.de\/stickerei\/wp-json\/wp\/v2\/pages\/30\/revisions"}],"predecessor-version":[{"id":1341,"href":"https:\/\/k-timeage.beebox.de\/stickerei\/wp-json\/wp\/v2\/pages\/30\/revisions\/1341"}],"wp:attachment":[{"href":"https:\/\/k-timeage.beebox.de\/stickerei\/wp-json\/wp\/v2\/media?parent=30"}],"curies":[{"name":"wp","href":"https:\/\/api.w.org\/{rel}","templated":true}]}}