{"id":747,"date":"2025-06-29T17:01:30","date_gmt":"2025-06-29T15:01:30","guid":{"rendered":"https:\/\/k-timeage.beebox.de\/stickerei\/?page_id=747"},"modified":"2026-03-08T11:09:57","modified_gmt":"2026-03-08T10:09:57","slug":"quellennachweis","status":"publish","type":"page","link":"https:\/\/k-timeage.beebox.de\/stickerei\/quellennachweis\/","title":{"rendered":"Quellennachweis"},"content":{"rendered":"\n<div class=\"et_pb_section_0 et_pb_section et_pb_fullwidth_section et_section_regular et_block_section\"><section class=\"et_pb_fullwidth_header_0 et_pb_fullwidth_header et_pb_bg_layout_dark et_pb_text_align_center et_pb_module et_flex_module\"><div class=\"et_pb_fullwidth_header_container center\"><div class=\"header-content-container center\"><div class=\"header-content et_flex_module\"><h1 class=\"et_pb_module_header\">Quellen\u00ad\u00adnachweis<\/h1><div class=\"et_pb_header_button_wrapper\"><\/div><\/div><\/div><\/div><div class=\"et_pb_fullwidth_header_overlay\"><\/div><div class=\"et_pb_fullwidth_header_scroll\"><\/div><\/section><\/div><div class=\"et_pb_section_1 et_pb_section et_section_regular et_block_section\"><div class=\"et_pb_row_0 et_pb_row et_block_row\"><div class=\"et_pb_column_0 et_pb_column et_pb_column_4_4 et-last-child et_block_column et_pb_css_mix_blend_mode_passthrough\"><div class=\"et_pb_text_0 et_pb_text et_pb_bg_layout_light et_pb_module et_block_module\"><div class=\"et_pb_text_inner\"><p>Alle Inhalte, Werke, Daten und das Design dieser Website sind urheberrechtlich gesch\u00fctzt.<br \/>\nS\u00e4mtliche Inhalte dienen ausschlie\u00dflich der pers\u00f6nlichen Information. Jegliche Bearbeitung, Vervielf\u00e4ltigung, Verbreitung und \u00f6ffentliche Wiedergabe ist untersagt und wird somit bei Zuwiderhandlung strafrechtlich verfolgt und zum Schadensersatz verpflichtet. Die \u00dcbernahme, Ver\u00f6ffentlichung oder Nutzung von Texten, Bildern oder anderen Daten bedarf der ausdr\u00fccklichen und schriftlichen Zustimmung der im Impressum genannten und nachfolgend tabellarisch aufgef\u00fchrten Firmen und Personen.<\/p>\n<\/div><\/div><div class=\"et_pb_text_1 et_pb_text et_pb_bg_layout_light et_pb_module et_block_module\"><div class=\"et_pb_text_inner\"><table style=\"width: 100%;\" width=\"100%\">\n<tbody>\n<tr>\n<th style=\"width: auto;\">Seite\/Thema<\/th>\n<th style=\"width: auto;\">Motiv<\/th>\n<th style=\"width: auto;\">Agentur<\/th>\n<th style=\"width: auto;\">K\u00fcnstler*in<\/th>\n<\/tr>\n<tr>\n<td style=\"width: auto;\">Startseite<\/td>\n<td style=\"width: auto;\">Header-Video<\/td>\n<td style=\"width: auto;\">beebox Werbeagentur<\/td>\n<td style=\"width: auto;\">Marco Sorrentino<\/td>\n<\/tr>\n<tr>\n<td style=\"width: auto;\">Startseite<\/td>\n<td style=\"width: auto;\">Slider 25 Marken-Logos<\/td>\n<td style=\"width: auto;\" colspan=\"2\">Das Copyright liegt bei den jeweiligen Markeninhabern.<\/td>\n<\/tr>\n<tr>\n<td style=\"width: auto;\">Leistung\/Bestickung<\/td>\n<td style=\"width: auto;\">Sammlung Stick-Patches<\/td>\n<td style=\"width: auto;\">Unsplash<\/td>\n<td style=\"width: auto;\">Joao Tzanno<\/td>\n<\/tr>\n<tr>\n<td style=\"width: auto;\">Leistung\/Bestickung<\/td>\n<td style=\"width: auto;\">Vierfachmotiv<\/td>\n<td style=\"width: auto;\">Pexels, Unsplash<\/td>\n<td style=\"width: auto;\">OL: Bozhin Karaivanov<br \/>OR: Erik McLean<br \/>UL: Dylan Bellingan<br \/>UR: Thomas Tucker<\/td>\n<\/tr>\n<tr>\n<td style=\"width: auto;\">Leistung\/Textildruck<\/td>\n<td style=\"width: auto;\">T-Shirt-Sammlung<\/td>\n<td style=\"width: auto;\">Pexels<\/td>\n<td style=\"width: auto;\">Francesco Paggiaro<\/td>\n<\/tr>\n<tr>\n<td style=\"width: auto;\">Leistung\/Textilruck<\/td>\n<td style=\"width: auto;\">Doppelmotiv<\/td>\n<td style=\"width: auto;\">Pexels, Unsplash<\/td>\n<td style=\"width: auto;\">L: Brock Wegner<br \/>R: Alexander London<\/td>\n<\/tr>\n<tr>\n<td style=\"width: auto;\">Leistung\/Grafik<\/td>\n<td style=\"width: auto;\">Hand auf Logo-Blatt<\/td>\n<td style=\"width: auto;\">Pexels<\/td>\n<td style=\"width: auto;\">Roman Pohorecki<\/td>\n<\/tr>\n<tr>\n<td style=\"width: auto;\">Leistung\/Grafik<\/td>\n<td style=\"width: auto;\">Vierfachmotiv<\/td>\n<td style=\"width: auto;\">Pexels, Unsplash<\/td>\n<td style=\"width: auto;\">OL: Copper &amp; Wild<br \/>OR: Amr Taha<br \/>UL: Feey<br \/>UR: Mockup Free<\/td>\n<\/tr>\n<tr>\n<td style=\"width: auto;\">Leistung\/Referenzen<\/td>\n<td style=\"width: auto;\">Shake Hands<\/td>\n<td style=\"width: auto;\">Unsplash<\/td>\n<td style=\"width: auto;\">Sincerely Media<\/td>\n<\/tr>\n<tr>\n<td style=\"width: auto;\">Leistung\/Referenzen<\/td>\n<td style=\"width: auto;\">Firmen-Logos<\/td>\n<td style=\"width: auto;\" colspan=\"2\">Das Copyright liegt bei den jeweiligen Unternehmen.<\/td>\n<\/tr>\n<tr>\n<td style=\"width: auto;\">Impressum<\/td>\n<td style=\"width: auto;\">Topmotiv Garnrollen<\/td>\n<td style=\"width: auto;\">Pexels<\/td>\n<td style=\"width: auto;\">Pavel Danilyuk<\/td>\n<\/tr>\n<tr>\n<td style=\"width: auto;\">Datenschutz<\/td>\n<td style=\"width: auto;\">Topmotiv Kettenschloss<\/td>\n<td style=\"width: auto;\">Pexels<\/td>\n<td style=\"width: auto;\">Life of Pix<\/td>\n<\/tr>\n<tr>\n<td style=\"width: auto;\">Cookie-Richtline<\/td>\n<td style=\"width: auto;\">Topmotiv Haselnuss-Cookies<\/td>\n<td style=\"width: auto;\">Pexels<\/td>\n<td style=\"width: auto;\">Fabiano Pimentel<\/td>\n<\/tr>\n<tr>\n<td style=\"width: auto;\">Quellennachweis<\/td>\n<td style=\"width: auto;\">Fotograf hinter Kameralinse<\/td>\n<td style=\"width: auto;\">Pexels<\/td>\n<td style=\"width: auto;\">Prota<\/td>\n<\/tr>\n<tr>\n<td style=\"width: auto;\">Kontakt-Empfangsbest\u00e4tigung<\/td>\n<td style=\"width: auto;\">Postbote mit Fahrrad<\/td>\n<td style=\"width: auto;\">Pixabay<\/td>\n<td style=\"width: auto;\">Planet Fox<\/td>\n<\/tr>\n<tr>\n<td style=\"width: auto;\">404 Page not found<\/td>\n<td style=\"width: auto;\">Alter Mann an Fernglas<\/td>\n<td style=\"width: auto;\">Pexels<\/td>\n<td style=\"width: auto;\">Emmanuel Codden<\/td>\n<\/tr>\n<\/tbody>\n<\/table>\n<\/div><\/div><\/div><\/div><\/div>\n","protected":false},"excerpt":{"rendered":"","protected":false},"author":2,"featured_media":0,"parent":0,"menu_order":9,"comment_status":"closed","ping_status":"closed","template":"","meta":{"_seopress_robots_primary_cat":"","_seopress_titles_title":"","_seopress_titles_desc":"","_seopress_robots_index":"","footnotes":""},"class_list":["post-747","page","type-page","status-publish","hentry"],"_links":{"self":[{"href":"https:\/\/k-timeage.beebox.de\/stickerei\/wp-json\/wp\/v2\/pages\/747","targetHints":{"allow":["GET"]}}],"collection":[{"href":"https:\/\/k-timeage.beebox.de\/stickerei\/wp-json\/wp\/v2\/pages"}],"about":[{"href":"https:\/\/k-timeage.beebox.de\/stickerei\/wp-json\/wp\/v2\/types\/page"}],"author":[{"embeddable":true,"href":"https:\/\/k-timeage.beebox.de\/stickerei\/wp-json\/wp\/v2\/users\/2"}],"replies":[{"embeddable":true,"href":"https:\/\/k-timeage.beebox.de\/stickerei\/wp-json\/wp\/v2\/comments?post=747"}],"version-history":[{"count":32,"href":"https:\/\/k-timeage.beebox.de\/stickerei\/wp-json\/wp\/v2\/pages\/747\/revisions"}],"predecessor-version":[{"id":1344,"href":"https:\/\/k-timeage.beebox.de\/stickerei\/wp-json\/wp\/v2\/pages\/747\/revisions\/1344"}],"wp:attachment":[{"href":"https:\/\/k-timeage.beebox.de\/stickerei\/wp-json\/wp\/v2\/media?parent=747"}],"curies":[{"name":"wp","href":"https:\/\/api.w.org\/{rel}","templated":true}]}}